{"id":6,"date":"2022-07-14T14:18:57","date_gmt":"2022-07-14T14:18:57","guid":{"rendered":"https:\/\/carovanaperlacostituzione.it\/?page_id=6"},"modified":"2022-07-14T14:18:58","modified_gmt":"2022-07-14T14:18:58","slug":"suggerimenti-per-il-gioco-dazzardo-roulette-e-slot-machine","status":"publish","type":"page","link":"https:\/\/carovanaperlacostituzione.it\/","title":{"rendered":"Suggerimenti per il gioco d&#8217;azzardo: roulette e slot machine?"},"content":{"rendered":"\n<p>Registrandovi in un casin\u00f2 online affidabile, avrete accesso a diversi giochi. Esempi notevoli sono le slot machine e la roulette. Se non sapete quale sia il gioco d&#8217;azzardo migliore, questo articolo fa al caso vostro!<\/p>\n\n\n\n<p>Nonostante la variet\u00e0 di giochi sia un aspetto molto utile e vantaggioso da considerare quando si sceglie un casin\u00f2 online, \u00e8 un dato di fatto che questa diversit\u00e0 pu\u00f2 indurre i giocatori a chiedersi quale sia il gioco migliore per massimizzare il loro casin\u00f2 virtuale.<\/p>\n\n\n\n<h2>Panoramica<\/h2>\n\n\n\n<figure class=\"wp-block-image size-large\"><img loading=\"lazy\" width=\"1024\" height=\"680\" src=\"https:\/\/carovanaperlacostituzione.it\/wp-content\/uploads\/2022\/07\/1200px-13-02-27-spielbank-wiesbaden-by-RalfR-093-1024x680.jpg\" alt=\"\" class=\"wp-image-7\" srcset=\"https:\/\/carovanaperlacostituzione.it\/wp-content\/uploads\/2022\/07\/1200px-13-02-27-spielbank-wiesbaden-by-RalfR-093-1024x680.jpg 1024w, https:\/\/carovanaperlacostituzione.it\/wp-content\/uploads\/2022\/07\/1200px-13-02-27-spielbank-wiesbaden-by-RalfR-093-300x199.jpg 300w, https:\/\/carovanaperlacostituzione.it\/wp-content\/uploads\/2022\/07\/1200px-13-02-27-spielbank-wiesbaden-by-RalfR-093-768x510.jpg 768w, https:\/\/carovanaperlacostituzione.it\/wp-content\/uploads\/2022\/07\/1200px-13-02-27-spielbank-wiesbaden-by-RalfR-093.jpg 1200w\" sizes=\"(max-width: 1024px) 100vw, 1024px\" \/><\/figure>\n\n\n\n<p><br>Le slot machine e la roulette sono due dei giochi pi\u00f9 popolari del casin\u00f2. In genere, al momento della registrazione, sono i giochi che occupano maggiormente il cervello e l&#8217;immaginazione dei giocatori per quanto riguarda l&#8217;universo dei giochi virtuali.<\/p>\n\n\n\n<p>La procedura di scelta tra di essi dipende per lo pi\u00f9 dai gusti di ciascuno. Tuttavia, se volete determinare quale gioco d&#8217;azzardo sia il pi\u00f9 grande, leggete l&#8217;analisi che vi forniamo in questo post.<\/p>\n\n\n\n<h2>Slot machine<\/h2>\n\n\n\n<p><br>Le slot machine sono uno dei giochi pi\u00f9 popolari nel mondo del gioco d&#8217;azzardo e quello che genera maggiore interesse nella registrazione ai casin\u00f2 online.<\/p>\n\n\n\n<p>Questo gioco ha il vantaggio di essere facile, eccitante e adattabile sia ai giocatori principianti che a quelli esperti. Il fatto che esistano diversi temi di slot machine contribuisce all&#8217;attrattiva del gioco, in quanto ha il potenziale per attrarre sia gli appassionati dell&#8217;antichit\u00e0 e dello spazio che i fan della televisione e del cinema.<\/p>\n\n\n\n<p>Il gioco \u00e8 molto ricercato anche perch\u00e9 ha il pi\u00f9 alto tasso di rendimento tra tutti quelli integrati nei casin\u00f2 virtuali, in genere superiore al 90%. Spesso i casin\u00f2 offrono vantaggi specifici per questo gioco, come i giri gratuiti.<\/p>\n\n\n\n<h2>La roulette<\/h2>\n\n\n\n<figure class=\"wp-block-image size-large\"><img loading=\"lazy\" width=\"1024\" height=\"560\" src=\"https:\/\/carovanaperlacostituzione.it\/wp-content\/uploads\/2022\/07\/134330-1024x560.jpg\" alt=\"\" class=\"wp-image-8\" srcset=\"https:\/\/carovanaperlacostituzione.it\/wp-content\/uploads\/2022\/07\/134330-1024x560.jpg 1024w, https:\/\/carovanaperlacostituzione.it\/wp-content\/uploads\/2022\/07\/134330-300x164.jpg 300w, https:\/\/carovanaperlacostituzione.it\/wp-content\/uploads\/2022\/07\/134330-768x420.jpg 768w, https:\/\/carovanaperlacostituzione.it\/wp-content\/uploads\/2022\/07\/134330.jpg 1280w\" sizes=\"(max-width: 1024px) 100vw, 1024px\" \/><\/figure>\n\n\n\n<p><br>La roulette \u00e8 un gioco che pu\u00f2 essere praticato sia da principianti che da esperti, con investimenti e strategie che variano a seconda del livello di abilit\u00e0 del giocatore. Qui si pu\u00f2 scommettere su numeri, colori e pari\/dispari. Minore \u00e8 la probabilit\u00e0, maggiore sar\u00e0 la vincita in caso di successo della scommessa.<\/p>\n\n\n\n<p>Questo gioco d&#8217;azzardo \u00e8 profondamente legato alla fortuna e al caso, e alcuni casin\u00f2 offrono il vantaggio di giocare dal vivo, che aggiunge energia ed eccitazione alle partite.<\/p>\n\n\n\n<h2>Le varianti<\/h2>\n\n\n\n<p><br>Esistono anche altre varianti della roulette, che offrono un ulteriore vantaggio. Nei casin\u00f2 online si possono trovare giochi di roulette sia particolari che convenzionali, tra cui la roulette francese, europea e americana.<\/p>\n\n\n\n<p>La roulette americana \u00e8 tipicamente scelta dai giocatori esperti per le sue maggiori vincite. Tuttavia, \u00e8 la ruota della roulette con le probabilit\u00e0 peggiori, poich\u00e9 aggiunge una casa in pi\u00f9 alle altre.<\/p>\n\n\n\n<p>Entrambi i giochi d&#8217;azzardo sono estremamente allettanti sia per i giocatori principianti che per quelli esperti. \u00c8 quindi necessario scegliere quello pi\u00f9 adatto alle proprie esigenze, tenendo presente che mentre la roulette offre premi pi\u00f9 alti, le slot machine pagano pi\u00f9 frequentemente.<\/p>\n","protected":false},"excerpt":{"rendered":"<p>Registrandovi in un casin\u00f2 online affidabile, avrete accesso a diversi giochi. Esempi notevoli sono le slot machine e la roulette. Se non sapete quale sia il gioco d&#8217;azzardo migliore, questo articolo fa al caso vostro! Nonostante la variet\u00e0 di giochi sia un aspetto molto utile e vantaggioso da considerare quando si sceglie un casin\u00f2 online, &#8230; <a title=\"Suggerimenti per il gioco d&#8217;azzardo: roulette e slot machine?\" class=\"read-more\" href=\"https:\/\/carovanaperlacostituzione.it\/\">Read more<span class=\"screen-reader-text\">Suggerimenti per il gioco d&#8217;azzardo: roulette e slot machine?<\/span><\/a><\/p>\n","protected":false},"author":1,"featured_media":0,"parent":0,"menu_order":0,"comment_status":"closed","ping_status":"closed","template":"","meta":[],"_links":{"self":[{"href":"https:\/\/carovanaperlacostituzione.it\/index.php?rest_route=\/wp\/v2\/pages\/6"}],"collection":[{"href":"https:\/\/carovanaperlacostituzione.it\/index.php?rest_route=\/wp\/v2\/pages"}],"about":[{"href":"https:\/\/carovanaperlacostituzione.it\/index.php?rest_route=\/wp\/v2\/types\/page"}],"author":[{"embeddable":true,"href":"https:\/\/carovanaperlacostituzione.it\/index.php?rest_route=\/wp\/v2\/users\/1"}],"replies":[{"embeddable":true,"href":"https:\/\/carovanaperlacostituzione.it\/index.php?rest_route=%2Fwp%2Fv2%2Fcomments&post=6"}],"version-history":[{"count":1,"href":"https:\/\/carovanaperlacostituzione.it\/index.php?rest_route=\/wp\/v2\/pages\/6\/revisions"}],"predecessor-version":[{"id":9,"href":"https:\/\/carovanaperlacostituzione.it\/index.php?rest_route=\/wp\/v2\/pages\/6\/revisions\/9"}],"wp:attachment":[{"href":"https:\/\/carovanaperlacostituzione.it\/index.php?rest_route=%2Fwp%2Fv2%2Fmedia&parent=6"}],"curies":[{"name":"wp","href":"https:\/\/api.w.org\/{rel}","templated":true}]}}